{"id":11398,"date":"2022-01-27T17:26:20","date_gmt":"2022-01-27T16:26:20","guid":{"rendered":"http:\/\/www.yonka.pro\/accueil\/"},"modified":"2024-02-10T22:11:47","modified_gmt":"2024-02-10T21:11:47","slug":"accueil","status":"publish","type":"page","link":"https:\/\/www.yonka.pro\/de\/","title":{"rendered":"Home"},"content":{"rendered":"\n<p><\/p>\n\n\n\n<h2 class=\"has-text-align-center\">Warum bei uns mitmachen?<\/h2>\n\n\n\n<p class=\"has-text-align-center\">Das franz\u00f6sische Familienunternehmen Laboratoires Multaler, seit 1954 Pionier der Aromatherapie und Sch\u00f6pfer der Marke Yon-Ka, verkapselt die Kr\u00e4fte der Natur im Herzen von fachkundigen und sensorischen Formeln mit nachgewiesenen Ergebnissen.<\/p>\n\n\n\n<div class=\"is-layout-flex wp-container-4 wp-block-columns\">\n<div class=\"is-layout-flow wp-block-column\"><div class=\"wp-block-image is-style-rounded\">\n<figure class=\"aligncenter size-full\"><img decoding=\"async\" loading=\"lazy\" width=\"388\" height=\"291\" src=\"http:\/\/www.yonka.pro\/wp-content\/uploads\/2022\/04\/yonka-japon-fit.jpeg\" alt=\"\" class=\"wp-image-11424\" srcset=\"https:\/\/www.yonka.pro\/wp-content\/uploads\/2022\/04\/yonka-japon-fit.jpeg 388w, https:\/\/www.yonka.pro\/wp-content\/uploads\/2022\/04\/yonka-japon-fit-300x225.jpeg 300w, https:\/\/www.yonka.pro\/wp-content\/uploads\/2022\/04\/yonka-japon-fit-80x60.jpeg 80w, https:\/\/www.yonka.pro\/wp-content\/uploads\/2022\/04\/yonka-japon-fit-110x83.jpeg 110w\" sizes=\"(max-width: 388px) 100vw, 388px\" \/><\/figure><\/div>\n\n\n<center>\n<a class=\"btn-readmore\" href=\"http:\/\/www.yonka.pro\/de\/yon-ka\/devenez-revendeur-agree-yon-ka\/\"> Mehr lessen<\/a>\n<\/center>\n\n\n\n<h3 class=\"has-text-align-center\"><a href=\"http:\/\/www.yonka.pro\/de\/yon-ka\/devenez-revendeur-agree-yon-ka\/\">Werden Sie ein autorisierter H\u00e4ndler<\/a><\/h3>\n<\/div>\n\n\n\n<div class=\"is-layout-flow wp-block-column\"><div class=\"wp-block-image is-style-rounded\">\n<figure class=\"aligncenter size-full\"><img decoding=\"async\" loading=\"lazy\" width=\"390\" height=\"290\" src=\"https:\/\/www.yonka.pro\/wp-content\/uploads\/2022\/07\/visuel-soins-visage.jpg\" alt=\"\" class=\"wp-image-21252\" srcset=\"https:\/\/www.yonka.pro\/wp-content\/uploads\/2022\/07\/visuel-soins-visage.jpg 390w, https:\/\/www.yonka.pro\/wp-content\/uploads\/2022\/07\/visuel-soins-visage-300x223.jpg 300w, https:\/\/www.yonka.pro\/wp-content\/uploads\/2022\/07\/visuel-soins-visage-81x60.jpg 81w, https:\/\/www.yonka.pro\/wp-content\/uploads\/2022\/07\/visuel-soins-visage-110x83.jpg 110w\" sizes=\"(max-width: 390px) 100vw, 390px\" \/><\/figure><\/div>\n\n\n<center>\n<a class=\"btn-readmore\" href=\"http:\/\/www.yonka.pro\/de\/yon-ka\/la-formation-et-laccompagnement\/\">Mehr lessen<\/a>\n<\/center>\n\n\n\n<h3 class=\"has-text-align-center\"><a href=\"http:\/\/www.yonka.pro\/de\/yon-ka\/la-formation-et-laccompagnement\/\">Entdecke unsere Begleitung<\/a><\/h3>\n<\/div>\n\n\n\n<div class=\"is-layout-flow wp-block-column\"><div class=\"wp-block-image is-style-rounded\">\n<figure class=\"aligncenter size-full\"><img decoding=\"async\" loading=\"lazy\" width=\"388\" height=\"291\" src=\"http:\/\/www.yonka.pro\/wp-content\/uploads\/2022\/04\/yonka-international.jpeg\" alt=\"\" class=\"wp-image-11420\" srcset=\"https:\/\/www.yonka.pro\/wp-content\/uploads\/2022\/04\/yonka-international.jpeg 388w, https:\/\/www.yonka.pro\/wp-content\/uploads\/2022\/04\/yonka-international-300x225.jpeg 300w, https:\/\/www.yonka.pro\/wp-content\/uploads\/2022\/04\/yonka-international-80x60.jpeg 80w, https:\/\/www.yonka.pro\/wp-content\/uploads\/2022\/04\/yonka-international-110x83.jpeg 110w\" sizes=\"(max-width: 388px) 100vw, 388px\" \/><\/figure><\/div>\n\n\n<center>\n<a class=\"btn-readmore\" href=\"https:\/\/www.yonka.pro\/de\/yon-ka\/distributeurs-et-filiales\/\">Mehr lessen<\/a>\n<\/center>\n\n\n\n<h3 class=\"has-text-align-center\"><a href=\"https:\/\/www.yonka.pro\/de\/yon-ka\/distributeurs-et-filiales\/\">Werden internationaler Vertriebspartner<\/a><\/h3>\n<\/div>\n<\/div>\n\n\n\n<p class=\"has-text-align-center\">Mehr als 6000 Kunden Institute oder Spas<\/p>\n\n\n\n<h2 class=\"has-text-align-center\">Pioniere der Aromatherapie seit 1954<\/h2>\n\n\n\n<p class=\"has-text-align-center\">Heute haben sich mehr als 6.000 Fachleute in \u00fcber 50 L\u00e4ndern daf\u00fcr entschieden, die Yon-Ka Phyto-Aromatic Skin Care Experience mit einer Kundschaft zu teilen, die auf der Suche nach Nat\u00fcrlichkeit, Authentizit\u00e4t und Ergebnissen ist.<\/p>\n\n\n\n\n\n\n\n<div class=\"is-layout-constrained wp-block-group\"><div class=\"wp-block-group__inner-container\"><\/div><\/div>\n","protected":false},"excerpt":{"rendered":"<p>Warum bei uns mitmachen? Das franz\u00f6sische Familienunternehmen Laboratoires Multaler, seit 1954 Pionier der Aromatherapie und Sch\u00f6pfer der Marke Yon-Ka, verkapselt die Kr\u00e4fte der Natur im Herzen von fachkundigen und sensorischen &hellip; <\/p>\n","protected":false},"author":1,"featured_media":20946,"parent":0,"menu_order":61,"comment_status":"closed","ping_status":"closed","template":"","meta":{"ub_ctt_via":""},"folder":[],"featured_image_src":"https:\/\/www.yonka.pro\/wp-content\/uploads\/2022\/07\/Yon-Ka-Marque.jpg","aioseo_notices":[],"_links":{"self":[{"href":"https:\/\/www.yonka.pro\/de\/wp-json\/wp\/v2\/pages\/11398"}],"collection":[{"href":"https:\/\/www.yonka.pro\/de\/wp-json\/wp\/v2\/pages"}],"about":[{"href":"https:\/\/www.yonka.pro\/de\/wp-json\/wp\/v2\/types\/page"}],"author":[{"embeddable":true,"href":"https:\/\/www.yonka.pro\/de\/wp-json\/wp\/v2\/users\/1"}],"replies":[{"embeddable":true,"href":"https:\/\/www.yonka.pro\/de\/wp-json\/wp\/v2\/comments?post=11398"}],"version-history":[{"count":46,"href":"https:\/\/www.yonka.pro\/de\/wp-json\/wp\/v2\/pages\/11398\/revisions"}],"predecessor-version":[{"id":84265,"href":"https:\/\/www.yonka.pro\/de\/wp-json\/wp\/v2\/pages\/11398\/revisions\/84265"}],"wp:featuredmedia":[{"embeddable":true,"href":"https:\/\/www.yonka.pro\/de\/wp-json\/wp\/v2\/media\/20946"}],"wp:attachment":[{"href":"https:\/\/www.yonka.pro\/de\/wp-json\/wp\/v2\/media?parent=11398"}],"wp:term":[{"taxonomy":"folder","embeddable":true,"href":"https:\/\/www.yonka.pro\/de\/wp-json\/wp\/v2\/folder?post=11398"}],"curies":[{"name":"wp","href":"https:\/\/api.w.org\/{rel}","templated":true}]}}