{"id":11514,"date":"2022-02-09T17:53:02","date_gmt":"2022-02-09T16:53:02","guid":{"rendered":"http:\/\/www.yonka.pro\/yon-ka\/la-formation-et-laccompagnement\/"},"modified":"2022-05-16T09:29:12","modified_gmt":"2022-05-16T07:29:12","slug":"la-formation-et-laccompagnement","status":"publish","type":"page","link":"https:\/\/www.yonka.pro\/de\/yon-ka\/la-formation-et-laccompagnement\/","title":{"rendered":"Erfahren Sie mehr \u00fcber unsere Ausbildung und Begleitung"},"content":{"rendered":"\n<p>Ziselierte Protokolle, exklusive Techniken und Methoden: Jede Yon-Ka-Behandlung ist eine fachkundige und subtile Alchemie zwischen der Hand des Profis, der Hand, die f\u00fchlt und gibt, dem Instrument, das sie verl\u00e4ngert und verst\u00e4rkt, und dem \u00e4therischen \u00d6l, das sie optimiert.<br>Es gibt eine sehr breite Palette an Pflegebehandlungen, um allen Bed\u00fcrfnissen Ihrer Kunden gerecht zu werden. Die Yon-Ka-Behandlungen sind auf die Verwendung Ihrer Ger\u00e4te und Technologien abgestimmt.<\/p>\n\n\n\n<h2>Engagierte Lernteams f\u00fcr Ihren Erfolg<\/h2>\n\n\n\n<p>Hochqualifizierte Yon-Ka-Trainerinnen begleiten Sie beim Erwerb der Yon-Ka-Handgriffe und -Pflegeprotokolle: In Pr\u00e4senzkursen in unseren Schulungszentren in Colombes, Mies oder bei unseren Vertriebspartnern stellen wir Ihnen die entsprechenden Schulungsunterlagen und -handb\u00fccher sowie eine Reihe von Pflegeleitf\u00e4den zur Verf\u00fcgung. Lehrvideos helfen Ihnen dabei, die Handgriffe und K\u00f6rperhaltungen zu perfektionieren.<\/p>\n\n\n\n<div class=\"is-content-justification-center is-layout-flex wp-container-1 wp-block-buttons\">\n<div class=\"wp-block-button\"><a class=\"wp-block-button__link has-background\" href=\"https:\/\/www.yonka.pro\/de\/yon-ka\/telecharger-la-brochure\/\" style=\"background-color:#ded8fb\">Mehr erfahren<\/a><\/div>\n<\/div>\n\n\n\n<p> <\/p>\n\n\n\n<figure class=\"wp-block-embed aligncenter is-type-video is-provider-youtube wp-block-embed-youtube wp-embed-aspect-16-9 wp-has-aspect-ratio\"><div class=\"wp-block-embed__wrapper\">\n<iframe loading=\"lazy\" title=\"New Treatment Mahana, energizing, aromatic and relaxing massage\" width=\"767\" height=\"431\" src=\"https:\/\/www.youtube.com\/embed\/kbSbwswoMnA?feature=oembed\" frameborder=\"0\" allow=\"accelerometer; autoplay; clipboard-write; encrypted-media; gyroscope; picture-in-picture\" allowfullscreen><\/iframe>\n<\/div><\/figure>\n\n\n\n<h2>Ein Gesch\u00e4ftspartner an Ihrer Seite<\/h2>\n\n\n\n<p>Wir haben ein besonderes Interesse am Erfolg unserer Partner, Institute, Spas oder Vertriebspartner. Durch regelm\u00e4\u00dfige Begleitung, vielf\u00e4ltige und besonders auf die Bed\u00fcrfnisse Ihrer Kunden zugeschnittene Verkaufsangebote, die Einf\u00fchrung neuer Produkte oder Pflegeprodukte jedes Jahr, eine gro\u00dfe Auswahl an Zubeh\u00f6r und Werbemitteln, Angebote zur Mitgliedergewinnung oder -bindung sowie Unterst\u00fctzung bei der digitalen Entwicklung Ihres Gesch\u00e4fts ist Yon-Ka die Marke, die Sie am besten bei der harmonischen Entwicklung Ihres Gesch\u00e4fts unterst\u00fctzen kann.<\/p>\n\n\n\n<div class=\"is-content-justification-center is-layout-flex wp-container-2 wp-block-buttons\">\n<div class=\"wp-block-button\"><a class=\"wp-block-button__link has-background\" href=\"https:\/\/www.yonka.pro\/de\/yon-ka\/telecharger-la-brochure\/\" style=\"background-color:#ded8fb\">Mehr erfahren<\/a><\/div>\n<\/div>\n\n\n\n<div class=\"wp-block-image\"><figure class=\"aligncenter size-full is-resized\"><img decoding=\"async\" loading=\"lazy\" src=\"https:\/\/www.yonka.pro\/wp-content\/uploads\/2022\/03\/Plan-Merchandising-2022.jpeg\" alt=\"\" class=\"wp-image-6172\" width=\"877\" height=\"620\" srcset=\"https:\/\/www.yonka.pro\/wp-content\/uploads\/2022\/03\/Plan-Merchandising-2022.jpeg 3508w, https:\/\/www.yonka.pro\/wp-content\/uploads\/2022\/03\/Plan-Merchandising-2022-300x212.jpeg 300w, https:\/\/www.yonka.pro\/wp-content\/uploads\/2022\/03\/Plan-Merchandising-2022-768x543.jpeg 768w, https:\/\/www.yonka.pro\/wp-content\/uploads\/2022\/03\/Plan-Merchandising-2022-85x60.jpeg 85w\" sizes=\"(max-width: 877px) 100vw, 877px\" \/><\/figure><\/div>\n\n\n\n<p><\/p>\n","protected":false},"excerpt":{"rendered":"<p>Ziselierte Protokolle, exklusive Techniken und Methoden: Jede Yon-Ka-Behandlung ist eine fachkundige und subtile Alchemie zwischen der Hand des Profis, der Hand, die f\u00fchlt und gibt, dem Instrument, das sie verl\u00e4ngert &hellip; <\/p>\n","protected":false},"author":1,"featured_media":185,"parent":15834,"menu_order":1,"comment_status":"closed","ping_status":"closed","template":"","meta":{"ub_ctt_via":""},"folder":[],"featured_image_src":"https:\/\/www.yonka.pro\/wp-content\/uploads\/2022\/02\/banniere-formation.png","aioseo_notices":[],"_links":{"self":[{"href":"https:\/\/www.yonka.pro\/de\/wp-json\/wp\/v2\/pages\/11514"}],"collection":[{"href":"https:\/\/www.yonka.pro\/de\/wp-json\/wp\/v2\/pages"}],"about":[{"href":"https:\/\/www.yonka.pro\/de\/wp-json\/wp\/v2\/types\/page"}],"author":[{"embeddable":true,"href":"https:\/\/www.yonka.pro\/de\/wp-json\/wp\/v2\/users\/1"}],"replies":[{"embeddable":true,"href":"https:\/\/www.yonka.pro\/de\/wp-json\/wp\/v2\/comments?post=11514"}],"version-history":[{"count":5,"href":"https:\/\/www.yonka.pro\/de\/wp-json\/wp\/v2\/pages\/11514\/revisions"}],"predecessor-version":[{"id":16258,"href":"https:\/\/www.yonka.pro\/de\/wp-json\/wp\/v2\/pages\/11514\/revisions\/16258"}],"up":[{"embeddable":true,"href":"https:\/\/www.yonka.pro\/de\/wp-json\/wp\/v2\/pages\/15834"}],"wp:featuredmedia":[{"embeddable":true,"href":"https:\/\/www.yonka.pro\/de\/wp-json\/wp\/v2\/media\/185"}],"wp:attachment":[{"href":"https:\/\/www.yonka.pro\/de\/wp-json\/wp\/v2\/media?parent=11514"}],"wp:term":[{"taxonomy":"folder","embeddable":true,"href":"https:\/\/www.yonka.pro\/de\/wp-json\/wp\/v2\/folder?post=11514"}],"curies":[{"name":"wp","href":"https:\/\/api.w.org\/{rel}","templated":true}]}}