{"id":15974,"date":"2022-05-12T10:55:46","date_gmt":"2022-05-12T08:55:46","guid":{"rendered":"https:\/\/www.yonka.pro\/accueil\/telecharger-la-brochure\/"},"modified":"2022-05-16T11:42:41","modified_gmt":"2022-05-16T09:42:41","slug":"telecharger-la-brochure","status":"publish","type":"page","link":"https:\/\/www.yonka.pro\/de\/yon-ka\/telecharger-la-brochure\/","title":{"rendered":"Laden Sie unsere Brosch\u00fcre herunter"},"content":{"rendered":"\n<div class=\"is-layout-flow wp-block-group\"><div class=\"wp-block-group__inner-container\">\n<p>Bevor wir Ihnen unsere Brosch\u00fcre zusenden, w\u00fcrden wir gerne etwas mehr \u00fcber Sie erfahren.<\/p>\n\n\n\n<div class=\"is-layout-flex wp-container-6 wp-block-columns\">\n<div class=\"is-layout-flow wp-block-column\">\n<figure class=\"wp-block-image size-full\"><img decoding=\"async\" loading=\"lazy\" width=\"1226\" height=\"1228\" src=\"https:\/\/www.yonka.pro\/wp-content\/uploads\/2022\/05\/yonka-brochure.png\" alt=\"\" class=\"wp-image-16494\" srcset=\"https:\/\/www.yonka.pro\/wp-content\/uploads\/2022\/05\/yonka-brochure.png 1226w, https:\/\/www.yonka.pro\/wp-content\/uploads\/2022\/05\/yonka-brochure-300x300.png 300w, https:\/\/www.yonka.pro\/wp-content\/uploads\/2022\/05\/yonka-brochure-150x150.png 150w, https:\/\/www.yonka.pro\/wp-content\/uploads\/2022\/05\/yonka-brochure-768x769.png 768w, https:\/\/www.yonka.pro\/wp-content\/uploads\/2022\/05\/yonka-brochure-60x60.png 60w, https:\/\/www.yonka.pro\/wp-content\/uploads\/2022\/05\/yonka-brochure-540x540.png 540w, https:\/\/www.yonka.pro\/wp-content\/uploads\/2022\/05\/yonka-brochure-90x90.png 90w\" sizes=\"(max-width: 1226px) 100vw, 1226px\" \/><\/figure>\n<\/div>\n\n\n\n<div class=\"is-layout-flow wp-block-column is-vertically-aligned-center\">\n<div class=\"is-layout-flow wp-block-group\"><div class=\"wp-block-group__inner-container\">\n<div class=\"is-content-justification-center is-layout-flex wp-container-2 wp-block-buttons\">\n<div class=\"wp-block-button has-custom-width wp-block-button__width-100 btn-readmore\"><a class=\"wp-block-button__link has-background\" href=\"https:\/\/www.yonka.pro\/yon-ka\/devenez-revendeur-agree-yon-ka\/\" style=\"background-color:#dedbf8\">Ich m\u00f6chte die Yon-Ka-Produkte in meinem Institut oder Spa verkaufen.<\/a><\/div>\n<\/div>\n\n\n\n<p> <\/p>\n\n\n\n<div class=\"is-content-justification-center is-layout-flex wp-container-3 wp-block-buttons\">\n<div class=\"wp-block-button aligncenter btn-readmore\"><a class=\"wp-block-button__link has-background\" href=\"https:\/\/www.yonka.pro\/yon-ka\/devenez-distributeur\/\" style=\"background-color:#dedbf8\">Ich m\u00f6chte die Yon-Ka Produkte an Institute oder Spas vertreiben<\/a><\/div>\n<\/div>\n<\/div><\/div>\n<\/div>\n<\/div>\n<\/div><\/div>\n\n\n\n<p>Bevor wir Ihnen unsere Brosch\u00fcre zusenden, w\u00fcrden wir gerne etwas mehr \u00fcber Sie erfahren.<\/p>\n\n\n\n<div class=\"is-layout-flex wp-container-12 wp-block-columns\">\n<div class=\"is-layout-flow wp-block-column\">\n<div class=\"is-content-justification-center is-layout-flex wp-container-8 wp-block-buttons\">\n<div class=\"wp-block-button has-custom-width wp-block-button__width-100 btn-readmore\"><a class=\"wp-block-button__link has-background\" href=\"https:\/\/www.yonka.pro\/yon-ka\/devenez-revendeur-agree-yon-ka\/\" style=\"background-color:#dedbf8\">Ich m\u00f6chte die Yon-Ka-Produkte in meinem Institut oder Spa verkaufen.<\/a><\/div>\n<\/div>\n<\/div>\n\n\n\n<div class=\"is-layout-flow wp-block-column\">\n<div class=\"is-content-justification-center is-layout-flex wp-container-10 wp-block-buttons\">\n<div class=\"wp-block-button aligncenter btn-readmore\"><a class=\"wp-block-button__link has-background\" href=\"https:\/\/www.yonka.pro\/de\/yon-ka\/devenez-distributeur\/\" style=\"background-color:#dedbf8\">Ich m\u00f6chte die Yon-Ka Produkte an Institute oder Spas vertreiben<\/a><\/div>\n<\/div>\n<\/div>\n<\/div>\n\n\n\n<p>Hier ist unsere Brosch\u00fcre.<\/p>\n\n\n\n<div class=\"wp-block-file\"><object class=\"wp-block-file__embed\" data=\"https:\/\/www.yonka.pro\/wp-content\/uploads\/2022\/05\/Brochure-prospection-EN.pdf\" type=\"application\/pdf\" style=\"width:100%;height:600px\" aria-label=\"Einbettung von Contenu embarqu\u00e9 Brochure prospection EN..\"><\/object><a id=\"wp-block-file--media-5a0b4550-0793-4166-8874-9d854edd5916\" href=\"https:\/\/www.yonka.pro\/wp-content\/uploads\/2022\/05\/Brochure-prospection-EN.pdf\" target=\"_blank\" rel=\"noreferrer noopener\">Brochure prospection EN<\/a><\/div>\n","protected":false},"excerpt":{"rendered":"<p>Bevor wir Ihnen unsere Brosch\u00fcre zusenden, w\u00fcrden wir gerne etwas mehr \u00fcber Sie erfahren. Bevor wir Ihnen unsere Brosch\u00fcre zusenden, w\u00fcrden wir gerne etwas mehr \u00fcber Sie erfahren. Hier ist &hellip; <\/p>\n","protected":false},"author":1,"featured_media":0,"parent":15834,"menu_order":0,"comment_status":"closed","ping_status":"closed","template":"","meta":{"ub_ctt_via":""},"folder":[],"featured_image_src":null,"aioseo_notices":[],"_links":{"self":[{"href":"https:\/\/www.yonka.pro\/de\/wp-json\/wp\/v2\/pages\/15974"}],"collection":[{"href":"https:\/\/www.yonka.pro\/de\/wp-json\/wp\/v2\/pages"}],"about":[{"href":"https:\/\/www.yonka.pro\/de\/wp-json\/wp\/v2\/types\/page"}],"author":[{"embeddable":true,"href":"https:\/\/www.yonka.pro\/de\/wp-json\/wp\/v2\/users\/1"}],"replies":[{"embeddable":true,"href":"https:\/\/www.yonka.pro\/de\/wp-json\/wp\/v2\/comments?post=15974"}],"version-history":[{"count":8,"href":"https:\/\/www.yonka.pro\/de\/wp-json\/wp\/v2\/pages\/15974\/revisions"}],"predecessor-version":[{"id":16519,"href":"https:\/\/www.yonka.pro\/de\/wp-json\/wp\/v2\/pages\/15974\/revisions\/16519"}],"up":[{"embeddable":true,"href":"https:\/\/www.yonka.pro\/de\/wp-json\/wp\/v2\/pages\/15834"}],"wp:attachment":[{"href":"https:\/\/www.yonka.pro\/de\/wp-json\/wp\/v2\/media?parent=15974"}],"wp:term":[{"taxonomy":"folder","embeddable":true,"href":"https:\/\/www.yonka.pro\/de\/wp-json\/wp\/v2\/folder?post=15974"}],"curies":[{"name":"wp","href":"https:\/\/api.w.org\/{rel}","templated":true}]}}