{"id":16632,"date":"2022-05-16T13:16:55","date_gmt":"2022-05-16T11:16:55","guid":{"rendered":"https:\/\/www.yonka.pro\/?page_id=16632"},"modified":"2022-05-16T14:14:59","modified_gmt":"2022-05-16T12:14:59","slug":"rechtliche-hinweise","status":"publish","type":"page","link":"https:\/\/www.yonka.pro\/de\/accueil\/rechtliche-hinweise\/","title":{"rendered":"Rechtliche Hinweise"},"content":{"rendered":"\n<h2>Herausgeber der Website<\/h2>\n\n\n\n<p>Die Website https:\/\/yonka.pro (im Folgenden &#8222;Website&#8220; genannt) wird herausgegeben von :<\/p>\n\n\n\n<p>Les Laboratoires Multaler (im Folgenden &#8222;Yon-Ka&#8220; genannt).<\/p>\n\n\n\n<p>Vereinfachte Aktiengesellschaft | Stammkapital: 649.276 \u20ac | RCS Nanterre 552 022 824.<\/p>\n\n\n\n<p>Eingetragener Sitz: 43 Rue Victor Hugo, 92700 Colombes &#8211; Frankreich.<\/p>\n\n\n\n<p>TVA-NUMMER: FR 94552022824<\/p>\n\n\n\n<p>Die Leiterin der Ver\u00f6ffentlichung ist Fran\u00e7oise M\u00fchlethaler in ihrer Eigenschaft als Pr\u00e4sidentin von Multaler &amp; Cie.<\/p>\n\n\n\n<h2>Host der Website<\/h2>\n\n\n\n<p>Diese Website wird gehostet von:<\/p>\n\n\n\n<p>Hetzner Online GmbH<\/p>\n\n\n\n<p>Industriestr. 25<\/p>\n\n\n\n<p>91710 Gunzenhausen &#8211; Deutschland<\/p>\n\n\n\n<p>E-Mail: info@hetzner.com<\/p>\n\n\n\n<p>Ansbach Registration Office, HRB 6089<\/p>\n\n\n\n<p>UMSATZSTEUER-IDENTIFIKATIONSNUMMER: DE 812871812<\/p>\n\n\n\n<p>CEO: Martin Hetzner, Stephan Konvickova, G\u00fcnther M\u00fcller<\/p>\n\n\n\n<h2>Geistiges Eigentum<\/h2>\n\n\n\n<p>In \u00dcbereinstimmung mit den Gesetzen, die das Eigentum an literarischen und k\u00fcnstlerischen Rechten oder \u00e4hnlichen Rechten regeln, sind diese Website und alle Elemente, Marken, Designs, Modelle, Fotografien, Texte, Illustrationen, Logos, animierte oder nicht animierte Sequenzen, Ton oder nicht, Grafiken usw., die sich auf dieser Website befinden, sowie deren Kompilation das ausschlie\u00dfliche Eigentum von Yon-Ka, die keine Lizenzen oder andere Rechte als das Recht, die Website zu besuchen, gew\u00e4hrt.<\/p>\n\n\n\n<p>Die Vervielf\u00e4ltigung oder Verwendung eines Teils oder der Gesamtheit dieser Elemente ist ausschlie\u00dflich zu Informationszwecken f\u00fcr den pers\u00f6nlichen und privaten Gebrauch gestattet, wobei jede Vervielf\u00e4ltigung und Verwendung von Kopien f\u00fcr andere Zwecke ausdr\u00fccklich untersagt ist. Weder die Website (ganz oder teilweise) noch ihr Inhalt oder die Marken d\u00fcrfen ohne die vorherige schriftliche Genehmigung von Yon-Ka ganz oder teilweise f\u00fcr irgendeinen Zweck verwendet, reproduziert, vervielf\u00e4ltigt, kopiert, verkauft, weiterverkauft, zug\u00e4nglich gemacht, ver\u00e4ndert oder anderweitig verwertet werden.<\/p>\n\n\n\n<p>Jede andere Nutzung stellt eine F\u00e4lschung dar.<\/p>\n\n\n\n<h2>Haftung<\/h2>\n\n\n\n<p>Die Multaler Laboratorien bem\u00fchen sich nach besten Kr\u00e4ften, die Zuverl\u00e4ssigkeit, Genauigkeit und Aktualit\u00e4t der auf dieser Website bereitgestellten Informationen zu gew\u00e4hrleisten, dennoch \u00fcbernimmt Yon-Ka : in keiner Weise die Genauigkeit oder Vollst\u00e4ndigkeit der auf dieser Website zur Verf\u00fcgung gestellten Informationen; und ganz allgemein f\u00fcr alle direkten oder indirekten Sch\u00e4den, unabh\u00e4ngig von Ursache, Ursprung, Art oder Folgen, die durch den Zugriff einer Person auf die Website oder die Unm\u00f6glichkeit des Zugriffs auf die Website, die Nutzung der Website und\/oder den Glauben an jegliche Informationen, die direkt oder indirekt von der Website stammen, verursacht werden.<\/p>\n\n\n\n<p>Yon-Ka beh\u00e4lt sich das Recht vor, den Inhalt der auf ihrer Website ver\u00f6ffentlichten Dokumente jederzeit und ohne Vorank\u00fcndigung zu \u00e4ndern oder zu korrigieren.<\/p>\n\n\n\n<h2>Links<\/h2>\n\n\n\n<p>Yon-Ka \u00fcbernimmt keine Verantwortung f\u00fcr Inhalte, Werbung, Produkte oder Dienstleistungen, die auf oder von Websites verf\u00fcgbar sind, die \u00fcber einen Hyperlink mit ihrer Website verbunden sind.<\/p>\n\n\n\n<h2>Pers\u00f6nliche Daten &amp; Cookies<\/h2>\n\n\n\n<p>Cookies&#8220; sind alphanumerische Kennungen, die \u00fcber Ihren Internetbrowser auf Ihrem Computer, Mobiltelefon oder Tablet-PC abgelegt werden, um Ihren Browser zu erkennen und Ihnen personalisierte Dienste anzubieten.<\/p>\n\n\n\n<p>Wir verwenden Cookies f\u00fcr die Zwecke der Navigation auf unserer Website, um Ihre Pr\u00e4ferenzen zu speichern, Ihnen eine bessere Kundenerfahrung zu bieten und unsere Website zu optimieren, indem wir Inhalte bereitstellen, die auf Ihre Bed\u00fcrfnisse zugeschnitten sind.<\/p>\n\n\n\n<p>Yon-Ka verpflichtet sich, die Vertraulichkeit der pers\u00f6nlichen Informationen zu wahren, die der Internetnutzer eventuell online angibt. Die gesammelten Informationen werden elektronisch verarbeitet, um die Qualit\u00e4t der Dienstleistungen, die den Nutzern dieser Website zur Verf\u00fcgung gestellt werden, zu verbessern.<\/p>\n\n\n\n<p>Weitere Einzelheiten finden Sie in den <a href=\"https:\/\/www.yonka.pro\/de\/accueil\/cookie-richtlinie\/\" data-type=\"page\" data-id=\"12405\">Datenschutzbestimmungen<\/a> der Website.<\/p>\n","protected":false},"excerpt":{"rendered":"<p>Herausgeber der Website Die Website https:\/\/yonka.pro (im Folgenden &#8222;Website&#8220; genannt) wird herausgegeben von : Les Laboratoires Multaler (im Folgenden &#8222;Yon-Ka&#8220; genannt). Vereinfachte Aktiengesellschaft | Stammkapital: 649.276 \u20ac | RCS Nanterre &hellip; <\/p>\n","protected":false},"author":1,"featured_media":0,"parent":11398,"menu_order":0,"comment_status":"closed","ping_status":"closed","template":"","meta":{"ub_ctt_via":""},"folder":[],"featured_image_src":null,"aioseo_notices":[],"_links":{"self":[{"href":"https:\/\/www.yonka.pro\/de\/wp-json\/wp\/v2\/pages\/16632"}],"collection":[{"href":"https:\/\/www.yonka.pro\/de\/wp-json\/wp\/v2\/pages"}],"about":[{"href":"https:\/\/www.yonka.pro\/de\/wp-json\/wp\/v2\/types\/page"}],"author":[{"embeddable":true,"href":"https:\/\/www.yonka.pro\/de\/wp-json\/wp\/v2\/users\/1"}],"replies":[{"embeddable":true,"href":"https:\/\/www.yonka.pro\/de\/wp-json\/wp\/v2\/comments?post=16632"}],"version-history":[{"count":1,"href":"https:\/\/www.yonka.pro\/de\/wp-json\/wp\/v2\/pages\/16632\/revisions"}],"predecessor-version":[{"id":16634,"href":"https:\/\/www.yonka.pro\/de\/wp-json\/wp\/v2\/pages\/16632\/revisions\/16634"}],"up":[{"embeddable":true,"href":"https:\/\/www.yonka.pro\/de\/wp-json\/wp\/v2\/pages\/11398"}],"wp:attachment":[{"href":"https:\/\/www.yonka.pro\/de\/wp-json\/wp\/v2\/media?parent=16632"}],"wp:term":[{"taxonomy":"folder","embeddable":true,"href":"https:\/\/www.yonka.pro\/de\/wp-json\/wp\/v2\/folder?post=16632"}],"curies":[{"name":"wp","href":"https:\/\/api.w.org\/{rel}","templated":true}]}}